{"id":367,"date":"2016-10-11T14:23:22","date_gmt":"2016-10-11T14:23:22","guid":{"rendered":"http:\/\/espaciovivido.thomasmichl.de\/?page_id=367"},"modified":"2025-03-06T14:03:04","modified_gmt":"2025-03-06T14:03:04","slug":"espaciovivido-espanol","status":"publish","type":"page","link":"http:\/\/espaciovivido.thomasmichl.de\/?page_id=367","title":{"rendered":""},"content":{"rendered":"<p style=\"text-align: left;\"><strong>&#8222;espacio vivido &#8211; der gelebte raum&#8220;<\/strong> es un proyecto art\u00edstico del artista alem\u00e1n Thomas Michl.<\/p>\n<p>El proyecto comenz\u00f3 a desarrollarse durante los meses de noviembre a marzo de 1998 en Sevilla, durante los cuales disfrut\u00e9 de una beca de estudios en esa ciudad. A modo de diario pintaba todos los d\u00edas un cuadro utilizando como bastidores planchas de madera encontradas en contenedores. De esa manera la vida de la ciudad, con sus restos, pas\u00f3 a formar parte de la obra como soporte f\u00edsico. Estas pinturas se montaron despu\u00e9s formando un cubo de 2,5 metros de arista. A esta forma geom\u00e9trica se le a\u00f1adieron, adem\u00e1s, una puerta y una ventana, tambi\u00e9n encontradas en contenedores de obras, transform\u00e1ndose as\u00ed en un espacio apto para habitarlo temporalmente.<\/p>\n<p>En Sevilla el cubo se instal\u00f3 en la primavera de 1998 en el patio de la facultad de Bellas Artes durante un d\u00eda. Mientras fuera se desarrollaba un d\u00eda normal de vida universitaria, yo viv\u00ed dentro de la obra de arte, que hab\u00eda adoptado el car\u00e1cter de una habitaci\u00f3n de una vivienda normal, con mobiliario y electricidad inclu\u00eddos. A trav\u00e9s de la puerta y de la ventana ten\u00eda contacto con quienes se acercaban a ver la obra. Las personas de significado para m\u00ed durante mi estancia en Sevilla fueron las \u00fanicas que pudieron entrar en el cubo. Despu\u00e9s de ese d\u00eda, esta ciudad del sur de Espa\u00f1a se convirti\u00f3 en un lugar predilecto para m\u00ed.<\/p>\n<p>As\u00ed naci\u00f3 el concepto de \u201cespacio\u00a0vivido \u2013 der gelebte Raum\u201d.<\/p>\n<p>Este concepto tiene tres l\u00edneas de actuaci\u00f3n:<br \/>\n<strong>EXPONERSE<\/strong>: El cubo se expone como representante de mi persona en lugares que poseen un significado especial para m\u00ed. La obra se expone, de esta manera, a todos los agentes exteriores (intemperie, desgaste f\u00edsico y destrucci\u00f3n provocada). Esa situaci\u00f3n de m\u00e1ximo riesgo es un momento muy fruct\u00edfero de la obra ya que pasa de ser un proyecto te\u00f3rico a una obra concreta en un lugar y un espacio de tiempo concretos. La obra est\u00e1 expuesta a todas las adversidades de la vida y se convierte de esta manera en el \u201cespacio vivido\u201d.<\/p>\n<p><strong>EXPLICAR<\/strong>: En cada lugar de exposici\u00f3n surge una historia nueva que hay que explicar de manera gr\u00e1fica, interpret\u00e1ndola. Diferentes momentos e impresiones de las exposiciones se traducen en peque\u00f1os cuadros, utilizando los mismos materiales que en el cubo: madrea y pintura acr\u00edlica. De esta manera cada exposici\u00f3n llega a una interpretaci\u00f3n f\u00edsica.<\/p>\n<p><strong>EXPONER<\/strong>: El proyecto\u00a0\u201despacio vivido \u2013 der gelebte raum\u201d como obra art\u00edstica se integra tambi\u00e9n en un contexto cultural determinado. Para cada exposici\u00f3n se desarrolla un concepto individual, con materiales originales de los lugares de exposici\u00f3n, fotos de car\u00e1cter documental y cuadros de la fase explicativa.<\/p>\n<div id='gallery-1' class='gallery galleryid-367 gallery-columns-4 gallery-size-medium'><figure class='gallery-item'>\n\t\t\t<div class='gallery-icon landscape'>\n\t\t\t\t<a href='http:\/\/espaciovivido.thomasmichl.de\/?attachment_id=86'><img width=\"300\" height=\"198\" src=\"http:\/\/espaciovivido.thomasmichl.de\/wp-content\/uploads\/2016\/10\/unten-300x198.jpg\" class=\"attachment-medium size-medium\" alt=\"\" loading=\"lazy\" aria-describedby=\"gallery-1-86\" srcset=\"http:\/\/espaciovivido.thomasmichl.de\/wp-content\/uploads\/2016\/10\/unten-300x198.jpg 300w, http:\/\/espaciovivido.thomasmichl.de\/wp-content\/uploads\/2016\/10\/unten.jpg 500w\" sizes=\"(max-width: 300px) 100vw, 300px\" itemprop=\"image\" \/><\/a>\n\t\t\t<\/div>\n\t\t\t\t<figcaption class='wp-caption-text gallery-caption' id='gallery-1-86'>\n\t\t\t\tSEVILLA 98\n\t\t\t\t<\/figcaption><\/figure><figure class='gallery-item'>\n\t\t\t<div class='gallery-icon landscape'>\n\t\t\t\t<a href='http:\/\/espaciovivido.thomasmichl.de\/?attachment_id=346'><img width=\"300\" height=\"225\" src=\"http:\/\/espaciovivido.thomasmichl.de\/wp-content\/uploads\/2016\/10\/DSC04236-300x225.jpg\" class=\"attachment-medium size-medium\" alt=\"\" loading=\"lazy\" aria-describedby=\"gallery-1-346\" srcset=\"http:\/\/espaciovivido.thomasmichl.de\/wp-content\/uploads\/2016\/10\/DSC04236-300x225.jpg 300w, http:\/\/espaciovivido.thomasmichl.de\/wp-content\/uploads\/2016\/10\/DSC04236-768x576.jpg 768w, http:\/\/espaciovivido.thomasmichl.de\/wp-content\/uploads\/2016\/10\/DSC04236-1024x768.jpg 1024w, http:\/\/espaciovivido.thomasmichl.de\/wp-content\/uploads\/2016\/10\/DSC04236.jpg 1600w\" sizes=\"(max-width: 300px) 100vw, 300px\" itemprop=\"image\" \/><\/a>\n\t\t\t<\/div>\n\t\t\t\t<figcaption class='wp-caption-text gallery-caption' id='gallery-1-346'>\n\t\t\t\tFERIA 2007\n\t\t\t\t<\/figcaption><\/figure><figure class='gallery-item'>\n\t\t\t<div class='gallery-icon landscape'>\n\t\t\t\t<a href='http:\/\/espaciovivido.thomasmichl.de\/?attachment_id=325'><img width=\"300\" height=\"225\" src=\"http:\/\/espaciovivido.thomasmichl.de\/wp-content\/uploads\/2016\/10\/G0320646-300x225.jpg\" class=\"attachment-medium size-medium\" alt=\"\" loading=\"lazy\" aria-describedby=\"gallery-1-325\" srcset=\"http:\/\/espaciovivido.thomasmichl.de\/wp-content\/uploads\/2016\/10\/G0320646-300x225.jpg 300w, http:\/\/espaciovivido.thomasmichl.de\/wp-content\/uploads\/2016\/10\/G0320646-768x576.jpg 768w, http:\/\/espaciovivido.thomasmichl.de\/wp-content\/uploads\/2016\/10\/G0320646-1024x768.jpg 1024w\" sizes=\"(max-width: 300px) 100vw, 300px\" itemprop=\"image\" \/><\/a>\n\t\t\t<\/div>\n\t\t\t\t<figcaption class='wp-caption-text gallery-caption' id='gallery-1-325'>\n\t\t\t\tHORNACHOS 2016\n\t\t\t\t<\/figcaption><\/figure><figure class='gallery-item'>\n\t\t\t<div class='gallery-icon landscape'>\n\t\t\t\t<a href='http:\/\/espaciovivido.thomasmichl.de\/?attachment_id=489'><img width=\"300\" height=\"225\" src=\"http:\/\/espaciovivido.thomasmichl.de\/wp-content\/uploads\/2019\/10\/PSX_20191001_131946-300x225.jpg\" class=\"attachment-medium size-medium\" alt=\"\" loading=\"lazy\" aria-describedby=\"gallery-1-489\" srcset=\"http:\/\/espaciovivido.thomasmichl.de\/wp-content\/uploads\/2019\/10\/PSX_20191001_131946-300x225.jpg 300w, http:\/\/espaciovivido.thomasmichl.de\/wp-content\/uploads\/2019\/10\/PSX_20191001_131946-768x576.jpg 768w, http:\/\/espaciovivido.thomasmichl.de\/wp-content\/uploads\/2019\/10\/PSX_20191001_131946-1024x768.jpg 1024w\" sizes=\"(max-width: 300px) 100vw, 300px\" itemprop=\"image\" \/><\/a>\n\t\t\t<\/div>\n\t\t\t\t<figcaption class='wp-caption-text gallery-caption' id='gallery-1-489'>\n\t\t\t\tHARTHAUSEN 2019\n\t\t\t\t<\/figcaption><\/figure>\n\t\t<\/div>\n\n<p>Hasta ahora la obra se ha realizado en los siguientes localidades:<\/p>\n<ul>\n<li><a href=\"http:\/\/espaciovivido.thomasmichl.de\/?page_id=68\"><strong>Sevilla 1998<\/strong><\/a><\/li>\n<li><a href=\"http:\/\/espaciovivido.thomasmichl.de\/?page_id=94\"><strong>Feria 2007<\/strong><\/a><\/li>\n<li><a href=\"http:\/\/espaciovivido.thomasmichl.de\/?page_id=154\"><strong>Hornachos 2016<\/strong><\/a><\/li>\n<li><strong><a href=\"http:\/\/espaciovivido.thomasmichl.de\/?page_id=440\">Harthausen 2019<\/a><\/strong><\/li>\n<li><a href=\"http:\/\/espaciovivido.thomasmichl.de\/?page_id=691\"><strong>Schwabach 2025<\/strong><\/a><\/li>\n<\/ul>\n","protected":false},"excerpt":{"rendered":"<p>&#8222;espacio vivido &#8211; der gelebte raum&#8220; es un proyecto art\u00edstico del artista alem\u00e1n Thomas Michl. El proyecto comenz\u00f3 a desarrollarse durante los meses de noviembre a marzo de 1998 en Sevilla, durante los cuales disfrut\u00e9 de una beca de estudios en esa ciudad. A modo de diario pintaba todos los d\u00edas un cuadro utilizando como&hellip;<\/p>\n","protected":false},"author":1,"featured_media":0,"parent":0,"menu_order":0,"comment_status":"closed","ping_status":"closed","template":"","meta":[],"_links":{"self":[{"href":"http:\/\/espaciovivido.thomasmichl.de\/index.php?rest_route=\/wp\/v2\/pages\/367"}],"collection":[{"href":"http:\/\/espaciovivido.thomasmichl.de\/index.php?rest_route=\/wp\/v2\/pages"}],"about":[{"href":"http:\/\/espaciovivido.thomasmichl.de\/index.php?rest_route=\/wp\/v2\/types\/page"}],"author":[{"embeddable":true,"href":"http:\/\/espaciovivido.thomasmichl.de\/index.php?rest_route=\/wp\/v2\/users\/1"}],"replies":[{"embeddable":true,"href":"http:\/\/espaciovivido.thomasmichl.de\/index.php?rest_route=%2Fwp%2Fv2%2Fcomments&post=367"}],"version-history":[{"count":24,"href":"http:\/\/espaciovivido.thomasmichl.de\/index.php?rest_route=\/wp\/v2\/pages\/367\/revisions"}],"predecessor-version":[{"id":700,"href":"http:\/\/espaciovivido.thomasmichl.de\/index.php?rest_route=\/wp\/v2\/pages\/367\/revisions\/700"}],"wp:attachment":[{"href":"http:\/\/espaciovivido.thomasmichl.de\/index.php?rest_route=%2Fwp%2Fv2%2Fmedia&parent=367"}],"curies":[{"name":"wp","href":"https:\/\/api.w.org\/{rel}","templated":true}]}}