{"id":175,"date":"2016-10-11T06:57:38","date_gmt":"2016-10-11T06:57:38","guid":{"rendered":"http:\/\/espaciovivido.thomasmichl.de\/?page_id=175"},"modified":"2016-10-26T11:11:41","modified_gmt":"2016-10-26T11:11:41","slug":"biografie","status":"publish","type":"page","link":"http:\/\/espaciovivido.thomasmichl.de\/?page_id=175","title":{"rendered":"biografie"},"content":{"rendered":"<p>&nbsp;<\/p>\n<p>Dr. Thomas Michl<\/p>\n<p>geboren 1972 in Friedberg (Bay.)<br \/>\narbeitet als Lehrkraft f\u00fcr besondere Aufgaben an der Akademie der Bildenden K\u00fcnste N\u00fcrnberg<\/p>\n<p>lebt und arbeitet in Schwabach<\/p>\n<p><i>Dr. Thomas Michl<\/i><\/p>\n<p><i>nacido en 1972 en Friedberg, Alemania<\/i><\/p>\n<p><i>trabaja como docente en la Academia de Bellas Artes de N\u00faremberg<\/i><\/p>\n<p><i>vive en Schwabach, Alemania<\/i><\/p>\n<p>&nbsp;<\/p>\n<p><a href=\"http:\/\/www.thomasmichl.de\">www.thomasmichl.de<\/a><\/p>\n","protected":false},"excerpt":{"rendered":"<p>&nbsp; Dr. Thomas Michl geboren 1972 in Friedberg (Bay.) arbeitet als Lehrkraft f\u00fcr besondere Aufgaben an der Akademie der Bildenden K\u00fcnste N\u00fcrnberg lebt und arbeitet in Schwabach Dr. Thomas Michl nacido en 1972 en Friedberg, Alemania trabaja como docente en la Academia de Bellas Artes de N\u00faremberg vive en Schwabach, Alemania &nbsp; www.thomasmichl.de<\/p>\n","protected":false},"author":1,"featured_media":0,"parent":0,"menu_order":0,"comment_status":"closed","ping_status":"closed","template":"","meta":[],"_links":{"self":[{"href":"http:\/\/espaciovivido.thomasmichl.de\/index.php?rest_route=\/wp\/v2\/pages\/175"}],"collection":[{"href":"http:\/\/espaciovivido.thomasmichl.de\/index.php?rest_route=\/wp\/v2\/pages"}],"about":[{"href":"http:\/\/espaciovivido.thomasmichl.de\/index.php?rest_route=\/wp\/v2\/types\/page"}],"author":[{"embeddable":true,"href":"http:\/\/espaciovivido.thomasmichl.de\/index.php?rest_route=\/wp\/v2\/users\/1"}],"replies":[{"embeddable":true,"href":"http:\/\/espaciovivido.thomasmichl.de\/index.php?rest_route=%2Fwp%2Fv2%2Fcomments&post=175"}],"version-history":[{"count":8,"href":"http:\/\/espaciovivido.thomasmichl.de\/index.php?rest_route=\/wp\/v2\/pages\/175\/revisions"}],"predecessor-version":[{"id":425,"href":"http:\/\/espaciovivido.thomasmichl.de\/index.php?rest_route=\/wp\/v2\/pages\/175\/revisions\/425"}],"wp:attachment":[{"href":"http:\/\/espaciovivido.thomasmichl.de\/index.php?rest_route=%2Fwp%2Fv2%2Fmedia&parent=175"}],"curies":[{"name":"wp","href":"https:\/\/api.w.org\/{rel}","templated":true}]}}